{"id":117,"date":"2021-07-15T19:16:25","date_gmt":"2021-07-15T22:16:25","guid":{"rendered":"http:\/\/www.tcse.gob.ar\/?page_id=117"},"modified":"2025-04-21T08:57:41","modified_gmt":"2025-04-21T11:57:41","slug":"autoridades","status":"publish","type":"page","link":"http:\/\/www.tcse.gob.ar\/index.php\/organizacion\/autoridades\/","title":{"rendered":"Autoridades"},"content":{"rendered":"\t\t<div data-elementor-type=\"wp-page\" data-elementor-id=\"117\" class=\"elementor elementor-117\" data-elementor-settings=\"[]\">\n\t\t\t\t\t\t\t<div class=\"elementor-section-wrap\">\n\t\t\t\t\t\t\t<section class=\"elementor-section elementor-top-section elementor-element elementor-element-dfd73d3 elementor-section-boxed elementor-section-height-default elementor-section-height-default\" data-id=\"dfd73d3\" data-element_type=\"section\">\n\t\t\t\t\t\t<div class=\"elementor-container elementor-column-gap-default\">\n\t\t\t\t\t<div class=\"elementor-column elementor-col-100 elementor-top-column elementor-element elementor-element-d5d44a6\" data-id=\"d5d44a6\" data-element_type=\"column\">\n\t\t\t<div class=\"elementor-widget-wrap elementor-element-populated\">\n\t\t\t\t\t\t\t\t<div class=\"elementor-element elementor-element-d5d88fb elementor-widget elementor-widget-text-editor\" data-id=\"d5d88fb\" data-element_type=\"widget\" data-widget_type=\"text-editor.default\">\n\t\t\t\t<div class=\"elementor-widget-container\">\n\t\t\t\t\t\t\t\t<table id=\"reproductor\" border=\"0\" cellspacing=\"0\" cellpadding=\"0\"><tbody><tr><td align=\"justify\">El Tribunal de Cuentas de la Provincia estar\u00e1 integrado por cinco (5) miembros con titulo de Contadores P\u00fablicos o Abogado, todos con diez a\u00f1os de antig\u00fcedad en el ejercicio profesional, dos a\u00f1os de ciudadan\u00eda dos de residencia inmediata en la Provincia y treinta a\u00f1os de edad como m\u00ednimo. La Presidencia y Vicepresidencia de dicho cuerpo se elegir\u00e1 anualmente de entre sus miembros, por el voto de los mismos. En ning\u00fan caso los miembros del Tribunal podr\u00e1n abstenerse de votar. En caso de fallecimiento, renuncia o separaci\u00f3n del cargo del Presidente, se proceder\u00e1 a una nueva elecci\u00f3n si para terminar el per\u00edodo faltare mas de seis (6) meses. En caso contrario lo reemplazar\u00e1 el Vicepresidente. Los miembros del Tribunal ser\u00e1n nombrados por el Poder Ejecutivo, previo acuerdo de la Legislatura y solo podr\u00e1n ser removidos en la misma forma y por las mismas causas que los Magistrados Judiciales. Durar\u00e1n cuatro(4) a\u00f1os en sus funciones.<\/td><\/tr><\/tbody><\/table><table border=\"0 \" cellspacing=\"0\" cellpadding=\"0\"><tbody><tr><td colspan=\"2\" align=\"center\" valign=\"bottom\"><p class=\"titulo\">Presidente<\/p><\/td><td align=\"center\" valign=\"top\" width=\"4%\">\u00a0<\/td><\/tr><tr><td colspan=\"2\" align=\"center\" height=\"32\"><strong>DR. LIONEL ENRIQUE SU\u00c1REZ<\/strong>\u00a0<\/td><\/tr><tr><td colspan=\"2\" height=\"47\"><div align=\"center\"><p><b class=\"subTitulo\">Vocales de Sala de Primera Nominaci\u00f3n<\/b><\/p><p><strong>CPN MARIA ISABEL P\u00c9REZ NAZAR<\/strong><\/p><p><strong>DR. RA\u00daL LEONI BELTRAN<\/strong><\/p><p>\u00a0<\/p><\/div><p style=\"text-align: center;\"><b class=\"subTitulo\">Vocales de Sala de Segunda Nominaci\u00f3n<\/b><\/p><p style=\"text-align: center;\"><strong>CPN CLAUDIA DEL VALLE LUCIO FALCIONE<\/strong><\/p><p style=\"text-align: center;\"><strong>DR. MARIANO HELMAN DE LA GARMA<\/strong><\/p><\/td><\/tr><tr><td align=\"center\" width=\"48%\">\u00a0<\/td><td align=\"center\" width=\"48%\">\u00a0<\/td><\/tr><tr><td colspan=\"2\" valign=\"top\" height=\"22\"><p><strong>COMPETENCIA DE LAS SALAS<\/strong><\/p><p><a href=\"http:\/\/www.tcse.gob.ar\/images\/AC4-2018-05-02.pdf\" target=\"_blank\" rel=\"noopener\">Acordada 04\/2018<\/a><\/p><p align=\"center\">\u00a0<\/p><\/td><\/tr><\/tbody><\/table>\t\t\t\t\t\t<\/div>\n\t\t\t\t<\/div>\n\t\t\t\t\t<\/div>\n\t\t<\/div>\n\t\t\t\t\t\t\t<\/div>\n\t\t<\/section>\n\t\t\t\t\t\t<\/div>\n\t\t\t\t\t<\/div>\n\t\t","protected":false},"excerpt":{"rendered":"<p>El Tribunal de Cuentas de la Provincia estar\u00e1 integrado por cinco (5) miembros con titulo de Contadores P\u00fablicos o Abogado, todos con diez a\u00f1os de antig\u00fcedad en el ejercicio profesional, dos a\u00f1os de ciudadan\u00eda dos de residencia inmediata en la Provincia y treinta a\u00f1os de edad como m\u00ednimo. La Presidencia y Vicepresidencia de dicho cuerpo se elegir\u00e1 anualmente de entre<\/p>\n","protected":false},"author":1,"featured_media":0,"parent":113,"menu_order":0,"comment_status":"closed","ping_status":"closed","template":"","meta":[],"_links":{"self":[{"href":"http:\/\/www.tcse.gob.ar\/index.php\/wp-json\/wp\/v2\/pages\/117"}],"collection":[{"href":"http:\/\/www.tcse.gob.ar\/index.php\/wp-json\/wp\/v2\/pages"}],"about":[{"href":"http:\/\/www.tcse.gob.ar\/index.php\/wp-json\/wp\/v2\/types\/page"}],"author":[{"embeddable":true,"href":"http:\/\/www.tcse.gob.ar\/index.php\/wp-json\/wp\/v2\/users\/1"}],"replies":[{"embeddable":true,"href":"http:\/\/www.tcse.gob.ar\/index.php\/wp-json\/wp\/v2\/comments?post=117"}],"version-history":[{"count":19,"href":"http:\/\/www.tcse.gob.ar\/index.php\/wp-json\/wp\/v2\/pages\/117\/revisions"}],"predecessor-version":[{"id":2094,"href":"http:\/\/www.tcse.gob.ar\/index.php\/wp-json\/wp\/v2\/pages\/117\/revisions\/2094"}],"up":[{"embeddable":true,"href":"http:\/\/www.tcse.gob.ar\/index.php\/wp-json\/wp\/v2\/pages\/113"}],"wp:attachment":[{"href":"http:\/\/www.tcse.gob.ar\/index.php\/wp-json\/wp\/v2\/media?parent=117"}],"curies":[{"name":"wp","href":"https:\/\/api.w.org\/{rel}","templated":true}]}}