{"id":121,"date":"2021-07-15T19:17:44","date_gmt":"2021-07-15T22:17:44","guid":{"rendered":"http:\/\/www.tcse.gob.ar\/?page_id=121"},"modified":"2026-01-27T11:55:12","modified_gmt":"2026-01-27T14:55:12","slug":"acordadas","status":"publish","type":"page","link":"http:\/\/www.tcse.gob.ar\/index.php\/biblioteca\/acordadas\/","title":{"rendered":"Acordadas"},"content":{"rendered":"\n<div class=\"is-layout-flex wp-container-3 wp-block-columns\">\n<div class=\"is-layout-flow wp-block-column\" style=\"flex-basis:100%\">\n<div class=\"is-layout-flow wp-block-group\"><div class=\"wp-block-group__inner-container\"><\/div><\/div>\n<\/div>\n<\/div>\n\n\n\n<div class=\"wp-block-file\"><a id=\"wp-block-file--media-aeeee33e-184e-4e70-8493-20e5ae8358a0\" href=\"http:\/\/www.tcse.gob.ar\/wp-content\/uploads\/2022\/06\/AC14_2019-19-07-22.pdf\"> <strong>LOCACION DE INMUEBLES<\/strong> &#8211; <strong>AC14_2019-19-07-22<\/strong><\/a><a href=\"http:\/\/www.tcse.gob.ar\/wp-content\/uploads\/2022\/06\/AC14_2019-19-07-22.pdf\" class=\"wp-block-file__button wp-element-button\" download aria-describedby=\"wp-block-file--media-aeeee33e-184e-4e70-8493-20e5ae8358a0\">Descarga<\/a><\/div>\n\n\n\n<p>ESTABLECER&nbsp; requisitos para la LOCACION DE INMUEBLES por parte del ESTADO PROVINCIAL.<\/p>\n\n\n\n<div class=\"wp-block-file\"><a id=\"wp-block-file--media-80895159-4bd5-43cc-ae45-4258fc6ce347\" href=\"http:\/\/www.tcse.gob.ar\/wp-content\/uploads\/2021\/07\/AA-2021-01039477-GDESDE-TDEC-2.pdf\"><br><strong>Rendiciones de Cuentas de las Municipalidades y Comisiones Municipales &#8211;<\/strong> <strong><mark style=\"background-color:rgba(0, 0, 0, 0)\" class=\"has-inline-color has-primary-color\">AA-2021-11-GDESDE-TDEC<\/mark><\/strong><\/a><a href=\"http:\/\/www.tcse.gob.ar\/wp-content\/uploads\/2021\/07\/AA-2021-01039477-GDESDE-TDEC-2.pdf\" class=\"wp-block-file__button wp-element-button\" download aria-describedby=\"wp-block-file--media-80895159-4bd5-43cc-ae45-4258fc6ce347\">Descarga<\/a><\/div>\n\n\n\n<p>Reanudar los plazos para la presentaci\u00f3n de Rendiciones de Cuentas de las Municipalidades y Comisiones Municipales, para la presentaci\u00f3n de las Rendiciones de Cuentas de los Organismos de la Administraci\u00f3n Publica Provincial, Centralizados y Descentralizados, que no est\u00e9n alcanzados por el Decreto N\u00b0 958-E-2020; Auditor\u00edas en tramite que no se pueden realizar en forma remota y presentaci\u00f3n de descargos de Juicios de Cuentas, pagos de multas y cargos formulados a los cuentadantes.<\/p>\n\n\n\n<hr class=\"wp-block-separator aligncenter has-alpha-channel-opacity is-style-dots\"\/>\n\n\n\n<p><\/p>\n\n\n\n<div class=\"wp-block-file\"><a id=\"wp-block-file--media-4b491b3c-2ec4-455f-8a93-a5caa6061aa4\" href=\"http:\/\/www.tcse.gob.ar\/wp-content\/uploads\/2021\/08\/ACORDADA_444.pdf\"><strong>Normas para Presentaci\u00f3n de Rendiciones de Cuentas de Organismos Centralizados y Descentralizados &#8211;<\/strong> <strong>ACORDADA_444<\/strong><\/a><a href=\"http:\/\/www.tcse.gob.ar\/wp-content\/uploads\/2021\/08\/ACORDADA_444.pdf\" class=\"wp-block-file__button wp-element-button\" download aria-describedby=\"wp-block-file--media-4b491b3c-2ec4-455f-8a93-a5caa6061aa4\">Descarga<\/a><\/div>\n\n\n\n<p>Establece Normas para Presentaci\u00f3n de Rendiciones de Cuentas de Organismos Centralizados y Descentralizados<\/p>\n\n\n\n<p><\/p>\n\n\n\n<hr class=\"wp-block-separator aligncenter has-alpha-channel-opacity is-style-dots\"\/>\n\n\n\n<div class=\"wp-block-file\"><a id=\"wp-block-file--media-52ca7724-1f2e-4574-8e40-517262b831b6\" href=\"http:\/\/www.tcse.gob.ar\/wp-content\/uploads\/2021\/08\/Acordada_13_2005.pdf\"><strong>Modificaciones al r\u00e9gimen de presentaciones de rendiciones de cuentas mensuales <\/strong> &#8211; <strong>Acordada_13_2005<\/strong><\/a><a href=\"http:\/\/www.tcse.gob.ar\/wp-content\/uploads\/2021\/08\/Acordada_13_2005.pdf\" class=\"wp-block-file__button wp-element-button\" download aria-describedby=\"wp-block-file--media-52ca7724-1f2e-4574-8e40-517262b831b6\">Descarga<\/a><\/div>\n\n\n\n<p>Modificaciones al r\u00e9gimen de presentaciones de rendiciones de cuentas mensuales establecidas por la Acordada N\u00b0 444\/83, tanto de Organismos Descentralizados y\/o Autofinanciados y Entes Residuales<\/p>\n\n\n\n<p><\/p>\n\n\n\n<hr class=\"wp-block-separator aligncenter has-alpha-channel-opacity is-style-dots\"\/>\n\n\n\n<div class=\"wp-block-file\"><a id=\"wp-block-file--media-6094a612-12da-4be8-8e9e-65cbadec5b1f\" href=\"http:\/\/www.tcse.gob.ar\/wp-content\/uploads\/2021\/08\/AC7-2018-2-8_exp.pdf\"><strong>Creaci\u00f3n COMISION DE ESTUDIO DE CONTRATACIONES &#8211; AC7-2018-2-8_exp<\/strong><\/a><a href=\"http:\/\/www.tcse.gob.ar\/wp-content\/uploads\/2021\/08\/AC7-2018-2-8_exp.pdf\" class=\"wp-block-file__button wp-element-button\" download aria-describedby=\"wp-block-file--media-6094a612-12da-4be8-8e9e-65cbadec5b1f\">Descarga<\/a><\/div>\n\n\n\n<p>CREAR la Comisi\u00f3n de Estudio de Contrataciones que tendr\u00e1 por objeto el estudio y posterior informe de los Expedientes relativos a Contrataciones por Licitaci\u00f3n y Concurso P\u00fablico, Subasta o Remate P\u00fablico, toda Contrataci\u00f3n Directa\u201e incluida la que se haga por Excepci\u00f3n, as\u00ed como en los que impliquen Licitaci\u00f3n o Concurso Privado y Concurso de Precios, conforme los montos que determine la Legislaci\u00f3n. Tambi\u00e9n brindar\u00e1 el asesoramiento en cuestiones que el Presidente, las Salas o el Tribunal as\u00ed lo decidan o soliciten<\/p>\n\n\n\n<hr class=\"wp-block-separator aligncenter has-alpha-channel-opacity is-style-dots\"\/>\n\n\n\n<div class=\"wp-block-file\"><a id=\"wp-block-file--media-37e8afdf-8f2c-4aad-b07e-16a214e39ef7\" href=\"http:\/\/www.tcse.gob.ar\/wp-content\/uploads\/2021\/08\/AC12-2010-10-19_exp.pdf\"><br>N<strong>ormas en tramitaci\u00f3n de pedidos de asesoramiento o consultas  &#8211; AC12-2010-10-19_exp<\/strong><\/a><a href=\"http:\/\/www.tcse.gob.ar\/wp-content\/uploads\/2021\/08\/AC12-2010-10-19_exp.pdf\" class=\"wp-block-file__button wp-element-button\" download aria-describedby=\"wp-block-file--media-37e8afdf-8f2c-4aad-b07e-16a214e39ef7\">Descarga<\/a><\/div>\n\n\n\n<p>&nbsp;Actualizaci\u00f3n de normas en tramitaci\u00f3n de pedidos de asesoramiento o consultas &#8211; Deroga Acordada N\u00b0 295\/77<\/p>\n\n\n\n<p><\/p>\n\n\n\n<hr class=\"wp-block-separator aligncenter has-alpha-channel-opacity is-style-dots\"\/>\n\n\n\n<div class=\"wp-block-file\"><a id=\"wp-block-file--media-d28b0991-43bb-4b07-bed6-03e39cb0fb11\" href=\"http:\/\/www.tcse.gob.ar\/wp-content\/uploads\/2023\/02\/AC9-2005-04-19.pdf\" target=\"_blank\" rel=\"noreferrer noopener\"><strong>ESTABLECER normas para la tramitaci\u00f3n de Expedientes de Contrataciones pendientes de pago y cuya prestaci\u00f3n se encuentra cumplida &#8211;<\/strong> AC9-2005-04-19<\/a><a href=\"http:\/\/www.tcse.gob.ar\/wp-content\/uploads\/2023\/02\/AC9-2005-04-19.pdf\" class=\"wp-block-file__button wp-element-button\" download aria-describedby=\"wp-block-file--media-d28b0991-43bb-4b07-bed6-03e39cb0fb11\">Descarga<\/a><\/div>\n\n\n\n<p>ESTABLECER normas para la tramitaci\u00f3n de Expedientes de Contrataciones pendientes de pago y cuya prestaci\u00f3n se encuentra cumplida, a los fines de resguardar los intereses del Estado,se deber\u00e1 tomar recaudos que aseguren el cumplimiento de las pautas que se establecen en la presente.<\/p>\n\n\n\n<hr class=\"wp-block-separator aligncenter has-alpha-channel-opacity is-style-dots\"\/>\n\n\n\n<div class=\"wp-block-file\"><a id=\"wp-block-file--media-7d01b340-da54-4a4a-985b-1b94f76a9c31\" href=\"http:\/\/www.tcse.gob.ar\/wp-content\/uploads\/2023\/03\/AC14-2005-5-10.pdf\"><strong>Tramitaci\u00f3n de Expedientes de Contrataciones pendientes de pago y cuya prestaci\u00f3n se encuentra cumplida<\/strong> <strong>(Hecho Consumado) &#8211;<\/strong>  AC14-2005-5-10<\/a><a href=\"http:\/\/www.tcse.gob.ar\/wp-content\/uploads\/2023\/03\/AC14-2005-5-10.pdf\" class=\"wp-block-file__button wp-element-button\" download aria-describedby=\"wp-block-file--media-7d01b340-da54-4a4a-985b-1b94f76a9c31\">Descarga<\/a><\/div>\n\n\n\n<p>Normas para la tramitaci\u00f3n de Expedientes de Contrataciones pendientes de pago y cuya prestaci\u00f3n se encuentra cumplida (Hecho Consumado). Pautas de cumplimiento, requisitos y tiempos de rendici\u00f3n, Casos. L\u00edmites. Extremos.<\/p>\n\n\n\n<hr class=\"wp-block-separator aligncenter has-alpha-channel-opacity is-style-dots\"\/>\n\n\n\n<div class=\"wp-block-file\"><a id=\"wp-block-file--media-91eb4acf-1f92-4d18-8ccb-bb4765c0e6ae\" href=\"http:\/\/www.tcse.gob.ar\/wp-content\/uploads\/2021\/08\/AA-2020-00536548-GDESDE-TDEC.pdf\"><br><strong>Procedimientos de control  en el marco del Procedimiento de Contrataciones &#8211; .AA-2020-18-GDESDE-TDEC<\/strong><\/a><a href=\"http:\/\/www.tcse.gob.ar\/wp-content\/uploads\/2021\/08\/AA-2020-00536548-GDESDE-TDEC.pdf\" class=\"wp-block-file__button wp-element-button\" download aria-describedby=\"wp-block-file--media-91eb4acf-1f92-4d18-8ccb-bb4765c0e6ae\">Descarga<\/a><\/div>\n\n\n\n<p>Siguiendo los par\u00e1metros establecidos por la Ley N\u00b0 7253 que establece la Simplificaci\u00f3n Normativa, Org\u00e1nica y Procedimental, y la Acordada 10\/2018 de Creaci\u00f3n del Programa de Fortalecimiento Institucional de este Tribunal de Cuentas, se establecen disposiciones a fin de actualizar y unificar los procedimientos de control implementados por este Tribunal en el marco del Procedimiento de Contrataciones.<\/p>\n\n\n\n<p><\/p>\n\n\n\n<hr class=\"wp-block-separator aligncenter has-alpha-channel-opacity is-style-dots\"\/>\n\n\n\n<div class=\"wp-block-file\"><a id=\"wp-block-file--media-220100f2-d71e-44e4-9ba9-e8a309fee72a\" href=\"http:\/\/www.tcse.gob.ar\/wp-content\/uploads\/2021\/08\/AA-2020-00582737-GDESDE-TDEC.pdf\"><strong>Uso obligatorio del Sistema de Gesti+on Documental Electr\u00f3nica GDE -AA-2020-19-GDESDE-TDEC<\/strong><\/a><a href=\"http:\/\/www.tcse.gob.ar\/wp-content\/uploads\/2021\/08\/AA-2020-00582737-GDESDE-TDEC.pdf\" class=\"wp-block-file__button wp-element-button\" download aria-describedby=\"wp-block-file--media-220100f2-d71e-44e4-9ba9-e8a309fee72a\">Descarga<\/a><\/div>\n\n\n\n<p>Establece que a partir del 01 de Enero de 2021, este Tribunal de Cuentas de la Provincia no recibir\u00e1 expedientes en papel de ning\u00fan organismo alcanzado por el Decreto N\u00ba 2020-958-E-GDESDE- GSDE del Poder Ejecutivo Provincial, que declar\u00f3 obligatorio el uso y aplicaci\u00f3n del Sistema de Gesti\u00f3n Documental Electr\u00f3nica GDE en el \u00e1mbito de la Administraci\u00f3n P\u00fablica Provincial.&nbsp;<\/p>\n\n\n\n<hr class=\"wp-block-separator aligncenter has-alpha-channel-opacity is-style-dots\"\/>\n\n\n\n<p><\/p>\n\n\n\n<div class=\"wp-block-file\"><a id=\"wp-block-file--media-55a4f339-d881-43d8-9127-4d563b40d36d\" href=\"http:\/\/www.tcse.gob.ar\/wp-content\/uploads\/2021\/08\/AA-2020-00664509-GDESDE-TDEC.pdf\"><strong>REANUDAR los plazos para la presentaci\u00f3n de Rendiciones de Cuentas de las Municipalidades, Comisiones Municipales  &#8211;<\/strong> <mark style=\"background-color:rgba(0, 0, 0, 0)\" class=\"has-inline-color has-dark-gray-color\">AA-2020-21-GDESDE-TDEC (derogada)<\/mark><\/a><a href=\"http:\/\/www.tcse.gob.ar\/wp-content\/uploads\/2021\/08\/AA-2020-00664509-GDESDE-TDEC.pdf\" class=\"wp-block-file__button wp-element-button\" download aria-describedby=\"wp-block-file--media-55a4f339-d881-43d8-9127-4d563b40d36d\">Descarga<\/a><\/div>\n\n\n\n<p>REANUDAR los plazos que fueran suspendidos mediante el art\u00edculo 2\u00b0 de la Acordada N\u00b0 2020- 8-E-TDEC, a partir del 16 de diciembre del a\u00f1o en curso para la presentaci\u00f3n de Rendiciones de Cuentas de las Municipalidades, Comisiones Municipales y presentaci\u00f3n de descargos, pagos de multas y cargos formulados a los cuentadantes<\/p>\n\n\n\n<p><\/p>\n\n\n\n<hr class=\"wp-block-separator aligncenter has-alpha-channel-opacity is-style-dots\"\/>\n\n\n\n<div class=\"wp-block-file\"><a id=\"wp-block-file--media-7dc44368-9d06-4918-9816-52258f81b4bb\" href=\"http:\/\/www.tcse.gob.ar\/wp-content\/uploads\/2021\/08\/ACDA-2021-8-GDESDE-TDEC.pdf\"><strong>ADHESI\u00d3N Decreto del Poder Ejecutivo Nacional N\u00b0 332\/2021 (DECNU-2021-334-APN-PTE) y Decreto del Poder Ejecutivo Provincial N\u00b0 1044-E-2021 (DECRETO-2021-1044-E-GDESDE-GSDE)<\/strong> &#8211; <mark style=\"background-color:rgba(0, 0, 0, 0)\" class=\"has-inline-color has-dark-gray-color\">ACDA-2021-8-GDESDE-TDEC COVID (derogada)<\/mark><\/a><a href=\"http:\/\/www.tcse.gob.ar\/wp-content\/uploads\/2021\/08\/ACDA-2021-8-GDESDE-TDEC.pdf\" class=\"wp-block-file__button wp-element-button\" download aria-describedby=\"wp-block-file--media-7dc44368-9d06-4918-9816-52258f81b4bb\">Descarga<\/a><\/div>\n\n\n\n<p>ADHERIRSE al Decreto del Poder Ejecutivo Nacional N\u00b0 332\/2021 (DECNU-2021-334-APN-PTE) y el Decreto del Poder Ejecutivo Provincial N\u00b0 1044-E-2021 (DECRETO-2021-1044-E-GDESDE-GSDE), para evitar el avance y propagaci\u00f3n del coronavirus<\/p>\n\n\n\n<hr class=\"wp-block-separator aligncenter has-alpha-channel-opacity is-style-dots\"\/>\n\n\n\n<p><\/p>\n\n\n\n<div class=\"wp-block-file\"><a id=\"wp-block-file--media-631c8534-f610-43e5-9d89-4c922f8fe0d1\" href=\"http:\/\/www.tcse.gob.ar\/wp-content\/uploads\/2021\/08\/AA-2021-01039477-GDESDE-TDEC-3.pdf\"><strong>Reanudar plazos para presentaci\u00f3n de Rendiciones de Cuentas, Auditor\u00edas y Juicios de Cuentas &#8211; <\/strong><mark style=\"background-color:rgba(0, 0, 0, 0)\" class=\"has-inline-color has-dark-gray-color\">AA-2021-11-GDESDE-TDEC COVID (derogada)<\/mark><\/a><a href=\"http:\/\/www.tcse.gob.ar\/wp-content\/uploads\/2021\/08\/AA-2021-01039477-GDESDE-TDEC-3.pdf\" class=\"wp-block-file__button wp-element-button\" download aria-describedby=\"wp-block-file--media-631c8534-f610-43e5-9d89-4c922f8fe0d1\">Descarga<\/a><\/div>\n\n\n\n<p>REANUDAR los plazos para:<br>a. Presentaci\u00f3n de las Rendiciones de Cuentas de la Municipalidades y Comisiones Municipales que se<br>hagan en papel.<br>b. Presentaci\u00f3n de las Rendiciones de Cuentas de los Organismos de la Administraci\u00f3n P\u00fablica<br>Provincial, Centralizados y Descentralizados, que no est\u00e9n alcanzados por el Decreto N\u00b0 958-E-2020.<br>c. Auditorias en tr\u00e1mite que no puedan ser hechas de manera remota.<br>d. Juicios de Cuentas: presentaci\u00f3n de descargos, pago de multas y cargos formulados a los<br>cuentadantes<\/p>\n\n\n\n<p><\/p>\n\n\n\n<hr class=\"wp-block-separator aligncenter has-alpha-channel-opacity is-style-dots\"\/>\n\n\n\n<p><\/p>\n\n\n\n<div class=\"wp-block-file\"><a id=\"wp-block-file--media-71cec48d-3abe-46d0-ad09-89f047afb85e\" href=\"http:\/\/www.tcse.gob.ar\/wp-content\/uploads\/2021\/08\/AA-2021-01120249-GDESDE-TDEC-2.pdf\"><strong>Establece mecanismos de recepci\u00f3n de invitaciones a Licitaciones, Aperturas de sobres, recepciones y todas las notas en general, mediante sistema GDE &#8211; AA-2021-14-GDESDE-TDEC<\/strong><\/a><a href=\"http:\/\/www.tcse.gob.ar\/wp-content\/uploads\/2021\/08\/AA-2021-01120249-GDESDE-TDEC-2.pdf\" class=\"wp-block-file__button wp-element-button\" download aria-describedby=\"wp-block-file--media-71cec48d-3abe-46d0-ad09-89f047afb85e\">Descarga<\/a><\/div>\n\n\n\n<p>ESTABLECER&nbsp;que, a partir del 01 de Julio de 2021, el \u00fanico mecanismo de recepci\u00f3n de invitaciones a licitaciones, aperturas de sobres, recepciones y de todas las notas en general ser\u00e1 mediante el sistema GDE, usando la herramienta CCOO (Comunicaciones Oficiales), para&nbsp;todos los Organismos de la Administraci\u00f3n P\u00fablica Provincial alcanzados por el decreto DECTO-2020-958-E-GDESDE-GSDE del Poder Ejecutivo Provincial, debiendo remitir las mismas al Presidente del Honorable Tribunal de Cuentas como responsable administrativo, conforme Ley 5792.-<\/p>\n\n\n\n<p><\/p>\n\n\n\n<hr class=\"wp-block-separator aligncenter has-alpha-channel-opacity is-style-dots\"\/>\n\n\n\n<p><\/p>\n\n\n\n<div class=\"wp-block-file\"><a id=\"wp-block-file--media-2c3d23d1-63f5-4de2-a9ae-3c1f9b5c9f0a\" href=\"http:\/\/www.tcse.gob.ar\/wp-content\/uploads\/2021\/09\/AC15-2021-06-281.pdf\"><strong>Suspender receso mes de Julio 2021 &#8211;<\/strong> <strong>AA-2021-15-GDESDE-TDEC<\/strong><\/a><a href=\"http:\/\/www.tcse.gob.ar\/wp-content\/uploads\/2021\/09\/AC15-2021-06-281.pdf\" class=\"wp-block-file__button wp-element-button\" download aria-describedby=\"wp-block-file--media-2c3d23d1-63f5-4de2-a9ae-3c1f9b5c9f0a\">Descarga<\/a><\/div>\n\n\n\n<p>SUSPENDER el receso establecido mediante Acordada N\u00ba 01\/2002, Cap\u00edtulo I, Art. 3\u00ba delAnexo, durante el mes de Julio de 2021.-<\/p>\n\n\n\n<hr class=\"wp-block-separator aligncenter has-alpha-channel-opacity is-style-dots\"\/>\n\n\n\n<div class=\"wp-block-file\"><a id=\"wp-block-file--media-744b1054-4f0f-4ea7-83ac-326612300b3a\" href=\"http:\/\/www.tcse.gob.ar\/wp-content\/uploads\/2021\/09\/AC18-2021-08-051.pdf\"><strong><br>Regreso a la habitualidad laboral de todo el Personal del TDEC &#8211; AA-2021-18-GDESDE-TDEC<\/strong><\/a><a href=\"http:\/\/www.tcse.gob.ar\/wp-content\/uploads\/2021\/09\/AC18-2021-08-051.pdf\" class=\"wp-block-file__button wp-element-button\" download aria-describedby=\"wp-block-file--media-744b1054-4f0f-4ea7-83ac-326612300b3a\">Descarga<\/a><\/div>\n\n\n\n<p>DETERMINAR el regreso a la habitualidad laboral de todo el Personal del Tribunal de Cuentas de la Provincia a partir del pr\u00f3ximo 09 de agosto.- VACUNACION. Todo el personal deber\u00e1 presentar DDJJ informando si fue vacunado o no. En caso de haberlo hecho, deber\u00e1 acompa\u00f1ar copia del Carnet \u00danico de Vacunaci\u00f3n.<\/p>\n\n\n\n<p><\/p>\n\n\n\n<p><\/p>\n\n\n\n<div class=\"wp-block-file\"><a id=\"wp-block-file--media-92bbff51-dc90-4a01-a4ea-dd116e13af5f\" href=\"http:\/\/www.tcse.gob.ar\/wp-content\/uploads\/2021\/12\/AA-2021-02976231-GDESDE-TDEC-1.pdf\"><br><strong>Reglamento para Auditorias &#8211;<\/strong> <strong>ACDA-2021-29-GDESDE-TDEC<\/strong><\/a><a href=\"http:\/\/www.tcse.gob.ar\/wp-content\/uploads\/2021\/12\/AA-2021-02976231-GDESDE-TDEC-1.pdf\" class=\"wp-block-file__button wp-element-button\" download aria-describedby=\"wp-block-file--media-92bbff51-dc90-4a01-a4ea-dd116e13af5f\">Descarga<\/a><\/div>\n\n\n\n<p>Aprobar el <strong>\u201cReglamento para Auditor\u00edas\u201d<\/strong>, que ser\u00e1 de aplicaci\u00f3n obligatoria para el Control Externo de las Cuentas y de la Gesti\u00f3n del Sector P\u00fablico Provincial, abarcando los tres Poderes del Estado y todos los Organismos descentralizados, Se incorpora como Anexo 1 y en archivo embebido a la presente.<\/p>\n\n\n\n<hr class=\"wp-block-separator aligncenter has-alpha-channel-opacity is-style-dots\"\/>\n\n\n\n<div class=\"wp-block-file\"><a id=\"wp-block-file--media-92bbff51-dc90-4a01-a4ea-dd116e13af5f\" href=\"http:\/\/www.tcse.gob.ar\/wp-content\/uploads\/2024\/09\/AA-2024-03793146-GDESDE-TDEC.pdf\" target=\"_blank\" rel=\"noreferrer noopener\"><strong>ANTICIPO DE FONDOS &#8211; Pautas y procedimientos AA-2024-8-E-GDESDE-TDEC<\/strong><\/a><a href=\"http:\/\/www.tcse.gob.ar\/wp-content\/uploads\/2024\/09\/AA-2024-03793146-GDESDE-TDEC.pdf\" class=\"wp-block-file__button wp-element-button\" download aria-describedby=\"wp-block-file--media-92bbff51-dc90-4a01-a4ea-dd116e13af5f\">Descarga<\/a><\/div>\n\n\n\n<p>La Acordada N\u00famero: ACDA-2024-8-E-GDESDE-TDEC, emitida por el Tribunal de Cuentas de la Provincia, aborda la tem\u00e1tica de la reglamentaci\u00f3n de la Ley 6933 de Administraci\u00f3n Financiera, espec\u00edficamente el art\u00edculo 72, que trata sobre el control de las rendiciones de anticipo de fondos.<\/p>\n\n\n\n<p><\/p>\n\n\n\n<hr class=\"wp-block-separator aligncenter has-alpha-channel-opacity is-style-dots\"\/>\n\n\n\n<div class=\"wp-block-file\"><a id=\"wp-block-file--media-952d1b45-7f6c-4906-abbe-c667bd422cdc\" href=\"http:\/\/www.tcse.gob.ar\/wp-content\/uploads\/2026\/01\/HECHO-CONSUMADO-AA-2025-05876779-GDESDE-TDEC.pdf\" target=\"_blank\" rel=\"noreferrer noopener\"><strong>HECHO CONSUMADO-AA-2025-05876779-GDESDE-TDEC<\/strong><\/a><a href=\"http:\/\/www.tcse.gob.ar\/wp-content\/uploads\/2026\/01\/HECHO-CONSUMADO-AA-2025-05876779-GDESDE-TDEC.pdf\" class=\"wp-block-file__button wp-element-button\" download aria-describedby=\"wp-block-file--media-952d1b45-7f6c-4906-abbe-c667bd422cdc\">Descarga<\/a><\/div>\n\n\n\n<p>Establece normas para la actualizaci\u00f3n de las Acordadas 09\/2005 y 14\/2005 sobre Tramitaciones pendientes de pago y cuya prestaci\u00f3n se encuentra cumplida (Hecho Consumado), todo ello conforme al art\u00edculo 3\u00ba de la RETCC-2024-359-E-GDESDE-TDEC<\/p>\n","protected":false},"excerpt":{"rendered":"<p>ESTABLECER&nbsp; requisitos para la LOCACION DE INMUEBLES por parte del ESTADO PROVINCIAL. Reanudar los plazos para la presentaci\u00f3n de Rendiciones de Cuentas de las Municipalidades y Comisiones Municipales, para la presentaci\u00f3n de las Rendiciones de Cuentas de los Organismos de la Administraci\u00f3n Publica Provincial, Centralizados y Descentralizados, que no est\u00e9n alcanzados por el Decreto N\u00b0 958-E-2020; Auditor\u00edas en tramite que<\/p>\n","protected":false},"author":1,"featured_media":0,"parent":99,"menu_order":0,"comment_status":"closed","ping_status":"closed","template":"","meta":[],"_links":{"self":[{"href":"http:\/\/www.tcse.gob.ar\/index.php\/wp-json\/wp\/v2\/pages\/121"}],"collection":[{"href":"http:\/\/www.tcse.gob.ar\/index.php\/wp-json\/wp\/v2\/pages"}],"about":[{"href":"http:\/\/www.tcse.gob.ar\/index.php\/wp-json\/wp\/v2\/types\/page"}],"author":[{"embeddable":true,"href":"http:\/\/www.tcse.gob.ar\/index.php\/wp-json\/wp\/v2\/users\/1"}],"replies":[{"embeddable":true,"href":"http:\/\/www.tcse.gob.ar\/index.php\/wp-json\/wp\/v2\/comments?post=121"}],"version-history":[{"count":79,"href":"http:\/\/www.tcse.gob.ar\/index.php\/wp-json\/wp\/v2\/pages\/121\/revisions"}],"predecessor-version":[{"id":2181,"href":"http:\/\/www.tcse.gob.ar\/index.php\/wp-json\/wp\/v2\/pages\/121\/revisions\/2181"}],"up":[{"embeddable":true,"href":"http:\/\/www.tcse.gob.ar\/index.php\/wp-json\/wp\/v2\/pages\/99"}],"wp:attachment":[{"href":"http:\/\/www.tcse.gob.ar\/index.php\/wp-json\/wp\/v2\/media?parent=121"}],"curies":[{"name":"wp","href":"https:\/\/api.w.org\/{rel}","templated":true}]}}