{"id":123,"date":"2021-07-15T19:18:04","date_gmt":"2021-07-15T22:18:04","guid":{"rendered":"http:\/\/www.tcse.gob.ar\/?page_id=123"},"modified":"2021-08-25T08:09:07","modified_gmt":"2021-08-25T11:09:07","slug":"resolucion","status":"publish","type":"page","link":"http:\/\/www.tcse.gob.ar\/index.php\/biblioteca\/resolucion\/","title":{"rendered":"Resoluciones"},"content":{"rendered":"\n<figure class=\"wp-block-table\"><table><tbody><tr><td>154\/2005<\/td><td>Designar un Contador de este Organismo para estudio y dictamen de Licitaciones Privadas\u00a0<\/td><\/tr><tr><td>042\/2006<\/td><td>Incorporar a Contador del Organismo<\/td><\/tr><tr><td>460\/2008<\/td><td>Creo COMISION DE ESTUDIO P\/LICITACIONES PRIVADAS o CONCURSOS DE PRECIOS<\/td><\/tr><tr><td>296\/2007<\/td><td>Establece la intervenci\u00f3n del Tribunal en el momento previo a la erogaci\u00f3n de fondos contemplada en el Art.\u00a05\u00b0 inc. a) de la Ley N\u00b0 6750 y Art. 4\u00b0 inc. a) del Decreto Reglamentario N\u00b0 1133<\/td><\/tr><tr><td>&nbsp;059\/2006<\/td><td>Designa a un Contador de este Organismo como miembro titular para integrar la Comisi\u00f3n de Evaluaci\u00f3n, Seguimiento y Control<\/td><\/tr><tr><td>415\/2007<\/td><td>Designa miembros de la Comisi\u00f3n de Evaluaci\u00f3n, Seguimiento y Control, Ley N\u00b0 6750<\/td><\/tr><tr><td>315\/2005<\/td><td>Designa miembros de la Comisi\u00f3n de Evaluaci\u00f3n, Seguimiento y Control, Ley N\u00b0 6750<\/td><\/tr><tr><td>671\/2009<\/td><td>Designa miembros de la Comisi\u00f3n de Evaluaci\u00f3n, Seguimiento y Control, Ley N\u00b0 6750<\/td><\/tr><tr><td>672\/2009<\/td><td>Establece la no intervenci\u00f3n del Tribunal en el an\u00e1lisis y control al momento previo de la erogaci\u00f3n de fondos contemplada en el Art. 5\u00b0 inc. a) Ley N\u00b0 6750 y Art. 4\u00b0 Decreto Reglamentario N\u00b0 1133<\/td><\/tr><\/tbody><\/table><\/figure>\n","protected":false},"excerpt":{"rendered":"<p>154\/2005 Designar un Contador de este Organismo para estudio y dictamen de Licitaciones Privadas\u00a0 042\/2006 Incorporar a Contador del Organismo 460\/2008 Creo COMISION DE ESTUDIO P\/LICITACIONES PRIVADAS o CONCURSOS DE PRECIOS 296\/2007 Establece la intervenci\u00f3n del Tribunal en el momento previo a la erogaci\u00f3n de fondos contemplada en el Art.\u00a05\u00b0 inc. a) de la Ley N\u00b0 6750 y Art. 4\u00b0<\/p>\n","protected":false},"author":1,"featured_media":0,"parent":99,"menu_order":0,"comment_status":"closed","ping_status":"closed","template":"","meta":[],"_links":{"self":[{"href":"http:\/\/www.tcse.gob.ar\/index.php\/wp-json\/wp\/v2\/pages\/123"}],"collection":[{"href":"http:\/\/www.tcse.gob.ar\/index.php\/wp-json\/wp\/v2\/pages"}],"about":[{"href":"http:\/\/www.tcse.gob.ar\/index.php\/wp-json\/wp\/v2\/types\/page"}],"author":[{"embeddable":true,"href":"http:\/\/www.tcse.gob.ar\/index.php\/wp-json\/wp\/v2\/users\/1"}],"replies":[{"embeddable":true,"href":"http:\/\/www.tcse.gob.ar\/index.php\/wp-json\/wp\/v2\/comments?post=123"}],"version-history":[{"count":4,"href":"http:\/\/www.tcse.gob.ar\/index.php\/wp-json\/wp\/v2\/pages\/123\/revisions"}],"predecessor-version":[{"id":732,"href":"http:\/\/www.tcse.gob.ar\/index.php\/wp-json\/wp\/v2\/pages\/123\/revisions\/732"}],"up":[{"embeddable":true,"href":"http:\/\/www.tcse.gob.ar\/index.php\/wp-json\/wp\/v2\/pages\/99"}],"wp:attachment":[{"href":"http:\/\/www.tcse.gob.ar\/index.php\/wp-json\/wp\/v2\/media?parent=123"}],"curies":[{"name":"wp","href":"https:\/\/api.w.org\/{rel}","templated":true}]}}