{"id":127,"date":"2021-07-15T19:18:40","date_gmt":"2021-07-15T22:18:40","guid":{"rendered":"http:\/\/www.tcse.gob.ar\/?page_id=127"},"modified":"2022-07-10T18:21:42","modified_gmt":"2022-07-10T21:21:42","slug":"actualizacion-profesional","status":"publish","type":"page","link":"http:\/\/www.tcse.gob.ar\/index.php\/actualizacion-profesional\/","title":{"rendered":"Actualizaci\u00f3n Profesional y Capacitaciones"},"content":{"rendered":"\t\t<div data-elementor-type=\"wp-page\" data-elementor-id=\"127\" class=\"elementor elementor-127\" data-elementor-settings=\"[]\">\n\t\t\t\t\t\t\t<div class=\"elementor-section-wrap\">\n\t\t\t\t\t\t\t<section class=\"elementor-section elementor-top-section elementor-element elementor-element-02a5581 elementor-section-boxed elementor-section-height-default elementor-section-height-default\" data-id=\"02a5581\" data-element_type=\"section\">\n\t\t\t\t\t\t<div class=\"elementor-container elementor-column-gap-default\">\n\t\t\t\t\t<div class=\"elementor-column elementor-col-100 elementor-top-column elementor-element elementor-element-8ed8818\" data-id=\"8ed8818\" data-element_type=\"column\">\n\t\t\t<div class=\"elementor-widget-wrap elementor-element-populated\">\n\t\t\t\t\t\t\t\t<div class=\"elementor-element elementor-element-e79eded elementor-widget elementor-widget-heading\" data-id=\"e79eded\" data-element_type=\"widget\" data-widget_type=\"heading.default\">\n\t\t\t\t<div class=\"elementor-widget-container\">\n\t\t\t<h2 class=\"elementor-heading-title elementor-size-medium\">Se procura despapelizar y\/o desburocratizar la gesti\u00f3n administrativa, con el control digital<\/h2>\t\t<\/div>\n\t\t\t\t<\/div>\n\t\t\t\t\t<\/div>\n\t\t<\/div>\n\t\t\t\t\t\t\t<\/div>\n\t\t<\/section>\n\t\t\t\t<section class=\"elementor-section elementor-top-section elementor-element elementor-element-2bdceb4 elementor-section-boxed elementor-section-height-default elementor-section-height-default\" data-id=\"2bdceb4\" data-element_type=\"section\">\n\t\t\t\t\t\t<div class=\"elementor-container elementor-column-gap-default\">\n\t\t\t\t\t<div class=\"elementor-column elementor-col-100 elementor-top-column elementor-element elementor-element-e5dfe36\" data-id=\"e5dfe36\" data-element_type=\"column\">\n\t\t\t<div class=\"elementor-widget-wrap elementor-element-populated\">\n\t\t\t\t\t\t\t\t<div class=\"elementor-element elementor-element-9663ba1 elementor-position-left elementor-vertical-align-top elementor-widget elementor-widget-image-box\" data-id=\"9663ba1\" data-element_type=\"widget\" data-widget_type=\"image-box.default\">\n\t\t\t\t<div class=\"elementor-widget-container\">\n\t\t\t<div class=\"elementor-image-box-wrapper\"><figure class=\"elementor-image-box-img\"><a href=\"https:\/\/youtu.be\/WNNC40kgrAg\"><img width=\"937\" height=\"553\" src=\"http:\/\/www.tcse.gob.ar\/wp-content\/uploads\/2022\/06\/937x553_602203_20220620192202.jpg\" class=\"attachment-full size-full\" alt=\"\" decoding=\"async\" loading=\"lazy\" srcset=\"http:\/\/www.tcse.gob.ar\/wp-content\/uploads\/2022\/06\/937x553_602203_20220620192202.jpg 937w, http:\/\/www.tcse.gob.ar\/wp-content\/uploads\/2022\/06\/937x553_602203_20220620192202-300x177.jpg 300w, http:\/\/www.tcse.gob.ar\/wp-content\/uploads\/2022\/06\/937x553_602203_20220620192202-768x453.jpg 768w\" sizes=\"(max-width: 937px) 100vw, 937px\" \/><\/a><\/figure><div class=\"elementor-image-box-content\"><p class=\"elementor-image-box-description\">Primer Encuentro Anual 2022 de Comisiones Municipales, para la presentaci\u00f3n del novedoso Sistema de Administraci\u00f3n y Rendici\u00f3n de Cuentas (SARC).\u00a0<\/p><\/div><\/div>\t\t<\/div>\n\t\t\t\t<\/div>\n\t\t\t\t\t<\/div>\n\t\t<\/div>\n\t\t\t\t\t\t\t<\/div>\n\t\t<\/section>\n\t\t\t\t<section class=\"elementor-section elementor-top-section elementor-element elementor-element-0dbb038 elementor-section-boxed elementor-section-height-default elementor-section-height-default\" data-id=\"0dbb038\" data-element_type=\"section\">\n\t\t\t\t\t\t<div class=\"elementor-container elementor-column-gap-default\">\n\t\t\t\t\t<div class=\"elementor-column elementor-col-100 elementor-top-column elementor-element elementor-element-4694519\" data-id=\"4694519\" data-element_type=\"column\">\n\t\t\t<div class=\"elementor-widget-wrap elementor-element-populated\">\n\t\t\t\t\t\t\t\t<div class=\"elementor-element elementor-element-4dec400 elementor-aspect-ratio-219 elementor-widget elementor-widget-video\" data-id=\"4dec400\" data-element_type=\"widget\" data-settings=\"{&quot;youtube_url&quot;:&quot;https:\\\/\\\/youtu.be\\\/WNNC40kgrAg&quot;,&quot;aspect_ratio&quot;:&quot;219&quot;,&quot;video_type&quot;:&quot;youtube&quot;,&quot;controls&quot;:&quot;yes&quot;}\" data-widget_type=\"video.default\">\n\t\t\t\t<div class=\"elementor-widget-container\">\n\t\t\t\t\t<div class=\"elementor-wrapper elementor-fit-aspect-ratio elementor-open-inline\">\n\t\t\t<div class=\"elementor-video\"><\/div>\t\t<\/div>\n\t\t\t\t<\/div>\n\t\t\t\t<\/div>\n\t\t\t\t\t<\/div>\n\t\t<\/div>\n\t\t\t\t\t\t\t<\/div>\n\t\t<\/section>\n\t\t\t\t<section class=\"elementor-section elementor-top-section elementor-element elementor-element-662eeca elementor-section-boxed elementor-section-height-default elementor-section-height-default\" data-id=\"662eeca\" data-element_type=\"section\">\n\t\t\t\t\t\t<div class=\"elementor-container elementor-column-gap-default\">\n\t\t\t\t\t<div class=\"elementor-column elementor-col-100 elementor-top-column elementor-element elementor-element-03a9188\" data-id=\"03a9188\" data-element_type=\"column\">\n\t\t\t<div class=\"elementor-widget-wrap elementor-element-populated\">\n\t\t\t\t\t\t\t\t<div class=\"elementor-element elementor-element-ad0bc39 elementor-widget elementor-widget-text-editor\" data-id=\"ad0bc39\" data-element_type=\"widget\" data-widget_type=\"text-editor.default\">\n\t\t\t\t<div class=\"elementor-widget-container\">\n\t\t\t\t\t\t\t\t<p>Inmediatamente despu\u00e9s, de manera programada, se inici\u00f3 una segunda etapa de capacitaci\u00f3n, con 6 encuentros y dos complementarios, en la sede del organismo, convocando por regiones (6), a las distintas administraciones de las 137 comisiones municipales.<\/p>\t\t\t\t\t\t<\/div>\n\t\t\t\t<\/div>\n\t\t\t\t\t<\/div>\n\t\t<\/div>\n\t\t\t\t\t\t\t<\/div>\n\t\t<\/section>\n\t\t\t\t<section class=\"elementor-section elementor-top-section elementor-element elementor-element-58653fe elementor-section-boxed elementor-section-height-default elementor-section-height-default\" data-id=\"58653fe\" data-element_type=\"section\">\n\t\t\t\t\t\t<div class=\"elementor-container elementor-column-gap-default\">\n\t\t\t\t\t<div class=\"elementor-column elementor-col-100 elementor-top-column elementor-element elementor-element-a20b20a\" data-id=\"a20b20a\" data-element_type=\"column\">\n\t\t\t<div class=\"elementor-widget-wrap elementor-element-populated\">\n\t\t\t\t\t\t\t\t<div class=\"elementor-element elementor-element-b983848 elementor-widget-divider--view-line elementor-widget elementor-widget-divider\" data-id=\"b983848\" data-element_type=\"widget\" data-widget_type=\"divider.default\">\n\t\t\t\t<div class=\"elementor-widget-container\">\n\t\t\t\t\t<div class=\"elementor-divider\">\n\t\t\t<span class=\"elementor-divider-separator\">\n\t\t\t\t\t\t<\/span>\n\t\t<\/div>\n\t\t\t\t<\/div>\n\t\t\t\t<\/div>\n\t\t\t\t\t<\/div>\n\t\t<\/div>\n\t\t\t\t\t\t\t<\/div>\n\t\t<\/section>\n\t\t\t\t<section class=\"elementor-section elementor-top-section elementor-element elementor-element-87d5d04 elementor-section-boxed elementor-section-height-default elementor-section-height-default\" data-id=\"87d5d04\" data-element_type=\"section\">\n\t\t\t\t\t\t<div class=\"elementor-container elementor-column-gap-default\">\n\t\t\t\t\t<div class=\"elementor-column elementor-col-100 elementor-top-column elementor-element elementor-element-06e8be4\" data-id=\"06e8be4\" data-element_type=\"column\">\n\t\t\t<div class=\"elementor-widget-wrap elementor-element-populated\">\n\t\t\t\t\t\t\t\t<div class=\"elementor-element elementor-element-9feab23 elementor-widget elementor-widget-heading\" data-id=\"9feab23\" data-element_type=\"widget\" data-widget_type=\"heading.default\">\n\t\t\t\t<div class=\"elementor-widget-container\">\n\t\t\t<h2 class=\"elementor-heading-title elementor-size-medium\">Nuevo Reglamento de Contrataciones de la Provincia - SIGEP<\/h2>\t\t<\/div>\n\t\t\t\t<\/div>\n\t\t\t\t\t<\/div>\n\t\t<\/div>\n\t\t\t\t\t\t\t<\/div>\n\t\t<\/section>\n\t\t\t\t<section class=\"elementor-section elementor-top-section elementor-element elementor-element-82e2693 elementor-section-boxed elementor-section-height-default elementor-section-height-default\" data-id=\"82e2693\" data-element_type=\"section\">\n\t\t\t\t\t\t<div class=\"elementor-container elementor-column-gap-default\">\n\t\t\t\t\t<div class=\"elementor-column elementor-col-100 elementor-top-column elementor-element elementor-element-065dd27\" data-id=\"065dd27\" data-element_type=\"column\">\n\t\t\t<div class=\"elementor-widget-wrap elementor-element-populated\">\n\t\t\t\t\t\t\t\t<div class=\"elementor-element elementor-element-a7dfe44 elementor-widget elementor-widget-text-editor\" data-id=\"a7dfe44\" data-element_type=\"widget\" data-widget_type=\"text-editor.default\">\n\t\t\t\t<div class=\"elementor-widget-container\">\n\t\t\t\t\t\t\t\t<p>Durante los meses de mayo y junio, se realizaron en sede del Organismo, encuentros con todos los sectores de la Administracion Publica Provincial, a fin de capacitar sobre el nuevo Reglamento de Contrataciones de la Provincia y en el uso del SIGEP.<\/p>\t\t\t\t\t\t<\/div>\n\t\t\t\t<\/div>\n\t\t\t\t\t<\/div>\n\t\t<\/div>\n\t\t\t\t\t\t\t<\/div>\n\t\t<\/section>\n\t\t\t\t<section class=\"elementor-section elementor-top-section elementor-element elementor-element-67cb25f elementor-section-boxed elementor-section-height-default elementor-section-height-default\" data-id=\"67cb25f\" data-element_type=\"section\">\n\t\t\t\t\t\t<div class=\"elementor-container elementor-column-gap-default\">\n\t\t\t\t\t<div class=\"elementor-column elementor-col-100 elementor-top-column elementor-element elementor-element-a05b44b\" data-id=\"a05b44b\" data-element_type=\"column\">\n\t\t\t<div class=\"elementor-widget-wrap elementor-element-populated\">\n\t\t\t\t\t\t\t\t<div class=\"elementor-element elementor-element-5d53cb3 elementor-aspect-ratio-219 elementor-widget elementor-widget-video\" data-id=\"5d53cb3\" data-element_type=\"widget\" data-settings=\"{&quot;youtube_url&quot;:&quot;https:\\\/\\\/youtu.be\\\/_CCKcbjONa0&quot;,&quot;aspect_ratio&quot;:&quot;219&quot;,&quot;video_type&quot;:&quot;youtube&quot;,&quot;controls&quot;:&quot;yes&quot;}\" data-widget_type=\"video.default\">\n\t\t\t\t<div class=\"elementor-widget-container\">\n\t\t\t\t\t<div class=\"elementor-wrapper elementor-fit-aspect-ratio elementor-open-inline\">\n\t\t\t<div class=\"elementor-video\"><\/div>\t\t<\/div>\n\t\t\t\t<\/div>\n\t\t\t\t<\/div>\n\t\t\t\t\t<\/div>\n\t\t<\/div>\n\t\t\t\t\t\t\t<\/div>\n\t\t<\/section>\n\t\t\t\t<section class=\"elementor-section elementor-top-section elementor-element elementor-element-6776ac4 elementor-section-boxed elementor-section-height-default elementor-section-height-default\" data-id=\"6776ac4\" data-element_type=\"section\">\n\t\t\t\t\t\t<div class=\"elementor-container elementor-column-gap-default\">\n\t\t\t\t\t<div class=\"elementor-column elementor-col-100 elementor-top-column elementor-element elementor-element-e5e0303\" data-id=\"e5e0303\" data-element_type=\"column\">\n\t\t\t<div class=\"elementor-widget-wrap elementor-element-populated\">\n\t\t\t\t\t\t\t\t<div class=\"elementor-element elementor-element-d48c4ea elementor-aspect-ratio-219 elementor-widget elementor-widget-video\" data-id=\"d48c4ea\" data-element_type=\"widget\" data-settings=\"{&quot;youtube_url&quot;:&quot;https:\\\/\\\/youtu.be\\\/wpu3HAEIx2s&quot;,&quot;aspect_ratio&quot;:&quot;219&quot;,&quot;video_type&quot;:&quot;youtube&quot;,&quot;controls&quot;:&quot;yes&quot;}\" data-widget_type=\"video.default\">\n\t\t\t\t<div class=\"elementor-widget-container\">\n\t\t\t\t\t<div class=\"elementor-wrapper elementor-fit-aspect-ratio elementor-open-inline\">\n\t\t\t<div class=\"elementor-video\"><\/div>\t\t<\/div>\n\t\t\t\t<\/div>\n\t\t\t\t<\/div>\n\t\t\t\t\t<\/div>\n\t\t<\/div>\n\t\t\t\t\t\t\t<\/div>\n\t\t<\/section>\n\t\t\t\t\t\t<\/div>\n\t\t\t\t\t<\/div>\n\t\t","protected":false},"excerpt":{"rendered":"<p>Se procura despapelizar y\/o desburocratizar la gesti\u00f3n administrativa, con el control digital Primer Encuentro Anual 2022 de Comisiones Municipales, para la presentaci\u00f3n del novedoso Sistema de Administraci\u00f3n y Rendici\u00f3n de Cuentas (SARC).\u00a0 https:\/\/youtu.be\/WNNC40kgrAg Inmediatamente despu\u00e9s, de manera programada, se inici\u00f3 una segunda etapa de capacitaci\u00f3n, con 6 encuentros y dos complementarios, en la sede del organismo, convocando por regiones (6),<\/p>\n","protected":false},"author":1,"featured_media":0,"parent":0,"menu_order":0,"comment_status":"closed","ping_status":"closed","template":"","meta":[],"_links":{"self":[{"href":"http:\/\/www.tcse.gob.ar\/index.php\/wp-json\/wp\/v2\/pages\/127"}],"collection":[{"href":"http:\/\/www.tcse.gob.ar\/index.php\/wp-json\/wp\/v2\/pages"}],"about":[{"href":"http:\/\/www.tcse.gob.ar\/index.php\/wp-json\/wp\/v2\/types\/page"}],"author":[{"embeddable":true,"href":"http:\/\/www.tcse.gob.ar\/index.php\/wp-json\/wp\/v2\/users\/1"}],"replies":[{"embeddable":true,"href":"http:\/\/www.tcse.gob.ar\/index.php\/wp-json\/wp\/v2\/comments?post=127"}],"version-history":[{"count":30,"href":"http:\/\/www.tcse.gob.ar\/index.php\/wp-json\/wp\/v2\/pages\/127\/revisions"}],"predecessor-version":[{"id":1281,"href":"http:\/\/www.tcse.gob.ar\/index.php\/wp-json\/wp\/v2\/pages\/127\/revisions\/1281"}],"wp:attachment":[{"href":"http:\/\/www.tcse.gob.ar\/index.php\/wp-json\/wp\/v2\/media?parent=127"}],"curies":[{"name":"wp","href":"https:\/\/api.w.org\/{rel}","templated":true}]}}