{"id":131,"date":"2021-07-15T19:19:15","date_gmt":"2021-07-15T22:19:15","guid":{"rendered":"http:\/\/www.tcse.gob.ar\/?page_id=131"},"modified":"2023-02-24T12:31:13","modified_gmt":"2023-02-24T15:31:13","slug":"municipalidades-y-comisiones","status":"publish","type":"page","link":"http:\/\/www.tcse.gob.ar\/index.php\/rendiciones\/municipalidades-y-comisiones\/","title":{"rendered":"Municipalidades y Comisiones"},"content":{"rendered":"\n<div class=\"wp-block-file\"><a id=\"wp-block-file--media-2533f57c-9ac4-4cd7-8d7a-ed1818283284\" href=\"http:\/\/www.tcse.gob.ar\/wp-content\/uploads\/2023\/02\/Ley_Organica_Santiago_del_Estero-2.pdf\" target=\"_blank\" rel=\"noreferrer noopener\"><strong>LEY DE MUNICIPALIDADAES <\/strong>&#8211; Ley_Organica_5590\/1987<\/a><a href=\"http:\/\/www.tcse.gob.ar\/wp-content\/uploads\/2023\/02\/Ley_Organica_Santiago_del_Estero-2.pdf\" class=\"wp-block-file__button wp-element-button\" download aria-describedby=\"wp-block-file--media-2533f57c-9ac4-4cd7-8d7a-ed1818283284\">Descarga<\/a><\/div>\n\n\n\n<div class=\"wp-block-file\"><a id=\"wp-block-file--media-7d3a73e8-e7a5-4e09-a842-2e3137595683\" href=\"http:\/\/www.tcse.gob.ar\/wp-content\/uploads\/2022\/03\/AC19-2003-12-29.pdf\" target=\"_blank\" rel=\"noreferrer noopener\"><strong>Normas de Procedimiento de aplicaci\u00f3n obligatoria,  Municipios y  Comisiones Mun\u00edcipales<\/strong> &#8211; AACORDADA 19-2003-12-29 TRIBUNAL DE CUENTAS DE LA PROVINCIA SDE<\/a><a href=\"http:\/\/www.tcse.gob.ar\/wp-content\/uploads\/2022\/03\/AC19-2003-12-29.pdf\" class=\"wp-block-file__button wp-element-button\" download aria-describedby=\"wp-block-file--media-7d3a73e8-e7a5-4e09-a842-2e3137595683\">Descarga<\/a><\/div>\n\n\n\n<p class=\"has-light-gray-background-color has-background\"><strong>FONDO DE FINANCIAMIENTO EDUCATIVO<\/strong><\/p>\n\n\n\n<div class=\"wp-block-file\"><a id=\"wp-block-file--media-2b69ae30-0db5-487e-9d25-fbbbb361717e\" href=\"http:\/\/www.tcse.gob.ar\/wp-content\/uploads\/2023\/02\/Ley-26.075.pdf\" target=\"_blank\" rel=\"noreferrer noopener\"><strong>LEY DE FINANCIAMIENTO EDUCATIVO<\/strong>  Ley-26.075<\/a><a href=\"http:\/\/www.tcse.gob.ar\/wp-content\/uploads\/2023\/02\/Ley-26.075.pdf\" class=\"wp-block-file__button wp-element-button\" download aria-describedby=\"wp-block-file--media-2b69ae30-0db5-487e-9d25-fbbbb361717e\">Descarga<\/a><\/div>\n\n\n\n<div class=\"wp-block-file\"><a id=\"wp-block-file--media-a9516964-9280-4992-b39b-da4dc39d2aea\" href=\"http:\/\/www.tcse.gob.ar\/wp-content\/uploads\/2023\/02\/DECRETO-No-0.579-.pdf\" target=\"_blank\" rel=\"noreferrer noopener\"><strong>Decreto Provincial  sobre  FINANCIAMIENTO EDUCATIVO &#8211; <\/strong>DECRETO-No-0.579-<\/a><a href=\"http:\/\/www.tcse.gob.ar\/wp-content\/uploads\/2023\/02\/DECRETO-No-0.579-.pdf\" class=\"wp-block-file__button wp-element-button\" download aria-describedby=\"wp-block-file--media-a9516964-9280-4992-b39b-da4dc39d2aea\">Descarga<\/a><\/div>\n\n\n\n<div class=\"wp-block-file\"><a id=\"wp-block-file--media-8c0eff54-1eaa-4cad-81d1-9cd287a787f7\" href=\"http:\/\/www.tcse.gob.ar\/wp-content\/uploads\/2023\/02\/DECRETO-No-0-987-.pdf\"><strong>Pautas para garantizar la correcta aplicacion del FFE<\/strong> <strong>DECRETO-No-0-987-  <\/strong><\/a><a href=\"http:\/\/www.tcse.gob.ar\/wp-content\/uploads\/2023\/02\/DECRETO-No-0-987-.pdf\" class=\"wp-block-file__button wp-element-button\" download aria-describedby=\"wp-block-file--media-8c0eff54-1eaa-4cad-81d1-9cd287a787f7\">Descarga<\/a><\/div>\n\n\n\n<div class=\"wp-block-file\"><a id=\"wp-block-file--media-206bf9ce-659f-42b4-b6f9-250c3d5c40d9\" href=\"http:\/\/www.tcse.gob.ar\/wp-content\/uploads\/2023\/02\/AC10-2013-05-30-1.pdf\" target=\"_blank\" rel=\"noreferrer noopener\"><a href=\"http:\/\/www.tcse.gob.ar\/wp-content\/uploads\/2023\/02\/AC10-2013-05-30.pdf\"><strong>Pautas para RENDICION DE CUENTAS del FFE<\/strong><\/a>   ACORDADA 10 <\/a><a href=\"http:\/\/www.tcse.gob.ar\/wp-content\/uploads\/2023\/02\/AC10-2013-05-30-1.pdf\" class=\"wp-block-file__button wp-element-button\" download aria-describedby=\"wp-block-file--media-206bf9ce-659f-42b4-b6f9-250c3d5c40d9\">Descarga<\/a><\/div>\n\n\n\n<div class=\"wp-block-file\"><a id=\"wp-block-file--media-12a6caa8-fa70-4013-8697-31e68dd50722\" href=\"http:\/\/www.tcse.gob.ar\/wp-content\/uploads\/2023\/02\/RESOLUCION-No-143-16.pdf\" target=\"_blank\" rel=\"noreferrer noopener\"><strong>Criterios del Tribunal de Cuentas de la Provincia sobre determinados gastos  con FFE<\/strong><br>RESOLUCION-No-143-16<\/a><a href=\"http:\/\/www.tcse.gob.ar\/wp-content\/uploads\/2023\/02\/RESOLUCION-No-143-16.pdf\" class=\"wp-block-file__button wp-element-button\" download aria-describedby=\"wp-block-file--media-12a6caa8-fa70-4013-8697-31e68dd50722\">Descarga<\/a><\/div>\n\n\n\n<h3 class=\"has-light-gray-background-color has-background\">Cuadros y Formularios de  una Rendici\u00f3n de Cuentas<\/h3>\n\n\n\n<figure class=\"wp-block-table is-style-stripes\"><table><tbody><tr><td><strong>Formulario 1 <\/strong>(Car\u00e1tula de la Rendici\u00f3n)<\/td><td><a href=\"http:\/\/www.tcse.gob.ar\/wp-content\/uploads\/2022\/05\/Formulario-1.pdf\" target=\"_blank\" rel=\"noreferrer noopener\">Formulario-1   Descarga<\/a><\/td><\/tr><tr><td><strong>Formulario 2<\/strong><\/td><td><a href=\"http:\/\/www.tcse.gob.ar\/wp-content\/uploads\/2022\/05\/Formulario-2.pdf\" target=\"_blank\" rel=\"noreferrer noopener\">Formulario-2   Descarga<\/a><\/td><\/tr><tr><td><strong>Formulario 3 <\/strong>(Inventario de Bienes de Uso)<\/td><td><a href=\"http:\/\/www.tcse.gob.ar\/wp-content\/uploads\/2022\/05\/Formulario-3.pdf\" target=\"_blank\" rel=\"noreferrer noopener\">Formulario-3   Descarga<\/a><br><a href=\"http:\/\/www.tcse.gob.ar\/wp-content\/uploads\/2022\/05\/Formulario-Bajas.pdf\" target=\"_blank\" rel=\"noreferrer noopener\">Formulario  &#8211;  BajasDescarga<\/a><\/td><\/tr><tr><td><strong>Formulario 4 <\/strong>(Relaci\u00f3n de Comprobantes)<\/td><td><a href=\"http:\/\/www.tcse.gob.ar\/wp-content\/uploads\/2022\/05\/Formulario-4.pdf\" target=\"_blank\" rel=\"noreferrer noopener\">Formulario-4   Descarga<\/a><\/td><\/tr><tr><td><strong>Formulario 5 <\/strong>(Recibos)<\/td><td><a href=\"http:\/\/www.tcse.gob.ar\/wp-content\/uploads\/2022\/05\/Formulario-5.pdf\" target=\"_blank\" rel=\"noreferrer noopener\">Formulario-5   Descarga<\/a><\/td><\/tr><tr><td><strong>Formulario 6<\/strong> (Planilla Ingresos)<\/td><td><a href=\"http:\/\/www.tcse.gob.ar\/wp-content\/uploads\/2022\/05\/Formulario-6.pdf\" target=\"_blank\" rel=\"noreferrer noopener\">Formulario-6   Descarga<\/a><br><a href=\"http:\/\/www.tcse.gob.ar\/wp-content\/uploads\/2022\/05\/Detalle-Recibos.pdf\" target=\"_blank\" rel=\"noreferrer noopener\">Detalle-Recibos   Descarga<\/a><\/td><\/tr><tr><td><strong>Formulario 7<\/strong> (Recibo de Cobranzas)<\/td><td><a href=\"http:\/\/www.tcse.gob.ar\/wp-content\/uploads\/2022\/05\/Formulario-7.pdf\" target=\"_blank\" rel=\"noreferrer noopener\">Formulario-7   Descarga<\/a><\/td><\/tr><tr><td><strong>Formulario 8<\/strong><\/td><td><a href=\"http:\/\/www.tcse.gob.ar\/wp-content\/uploads\/2022\/05\/Formulario-8.pdf\" target=\"_blank\" rel=\"noreferrer noopener\">Formulario-8   Descarga<\/a><br><a href=\"http:\/\/www.tcse.gob.ar\/wp-content\/uploads\/2022\/05\/Anexo-Informe-Financiero.pdf\" target=\"_blank\" rel=\"noreferrer noopener\">Anexo-Informe-Financiero   Descarga<\/a><br><a href=\"http:\/\/www.tcse.gob.ar\/wp-content\/uploads\/2022\/05\/Anexo-II-Informe-Financiero.pdf\" target=\"_blank\" rel=\"noreferrer noopener\">Anexo-II-Informe-Financiero   Descarga<\/a><\/td><\/tr><tr><td><strong>Formulario 9<\/strong> (Hoja de Cargo)<\/td><td><a href=\"http:\/\/www.tcse.gob.ar\/wp-content\/uploads\/2022\/05\/Formulario-9.pdf\" target=\"_blank\" rel=\"noreferrer noopener\">Formulario-9   Descarga<\/a><\/td><\/tr><tr><td><strong>Formulario 10<\/strong><\/td><td><a href=\"http:\/\/www.tcse.gob.ar\/wp-content\/uploads\/2022\/05\/Formulario-10.pdf\" target=\"_blank\" rel=\"noreferrer noopener\">Formulario-10   Descarga<\/a><\/td><\/tr><tr><td><strong>Formulario 11<\/strong><\/td><td><a href=\"http:\/\/www.tcse.gob.ar\/wp-content\/uploads\/2022\/05\/Formulario-11.pdf\" target=\"_blank\" rel=\"noreferrer noopener\">Formulario-11   Descarga<\/a><\/td><\/tr><tr><td><strong>Formulario 12<\/strong><\/td><td><a href=\"http:\/\/www.tcse.gob.ar\/wp-content\/uploads\/2022\/05\/Formulario-12.pdf\" target=\"_blank\" rel=\"noreferrer noopener\">Formulario-12   Descarga<\/a><\/td><\/tr><tr><td><strong>Ajuste Anticipo Fondos modelo Resolucion<\/strong><\/td><td><a href=\"http:\/\/www.tcse.gob.ar\/wp-content\/uploads\/2022\/05\/Ajuste-Anticipo-Fondos-modelo-Resolucion.pdf\" target=\"_blank\" rel=\"noreferrer noopener\">Ajuste-Anticipo-Fondos-modelo-Resolucion  Descarga<\/a><\/td><\/tr><tr><td><strong>Formulario 13<\/strong><\/td><td><a href=\"http:\/\/www.tcse.gob.ar\/wp-content\/uploads\/2022\/05\/Formulario-13.pdf\" target=\"_blank\" rel=\"noreferrer noopener\">Formulario-13   Descarga<\/a><\/td><\/tr><tr><td><strong>REGLAMENTACION DE CAJA CHICA<\/strong><\/td><td><a href=\"http:\/\/www.tcse.gob.ar\/wp-content\/uploads\/2022\/05\/REGLAMENTACION-DE-CAJA-CHICA.pdf\" target=\"_blank\" rel=\"noreferrer noopener\">REGLAMENTACION-DE-CAJA-CHICA   Descarga<\/a><\/td><\/tr><\/tbody><\/table><figcaption class=\"wp-element-caption\">Anexo Acordada 19\/2003<\/figcaption><\/figure>\n\n\n\n<p><\/p>\n","protected":false},"excerpt":{"rendered":"<p>FONDO DE FINANCIAMIENTO EDUCATIVO Cuadros y Formularios de una Rendici\u00f3n de Cuentas Formulario 1 (Car\u00e1tula de la Rendici\u00f3n) Formulario-1 Descarga Formulario 2 Formulario-2 Descarga Formulario 3 (Inventario de Bienes de Uso) Formulario-3 DescargaFormulario &#8211; BajasDescarga Formulario 4 (Relaci\u00f3n de Comprobantes) Formulario-4 Descarga Formulario 5 (Recibos) Formulario-5 Descarga Formulario 6 (Planilla Ingresos) Formulario-6 DescargaDetalle-Recibos Descarga Formulario 7 (Recibo de Cobranzas) Formulario-7<\/p>\n","protected":false},"author":1,"featured_media":0,"parent":129,"menu_order":0,"comment_status":"closed","ping_status":"closed","template":"","meta":[],"_links":{"self":[{"href":"http:\/\/www.tcse.gob.ar\/index.php\/wp-json\/wp\/v2\/pages\/131"}],"collection":[{"href":"http:\/\/www.tcse.gob.ar\/index.php\/wp-json\/wp\/v2\/pages"}],"about":[{"href":"http:\/\/www.tcse.gob.ar\/index.php\/wp-json\/wp\/v2\/types\/page"}],"author":[{"embeddable":true,"href":"http:\/\/www.tcse.gob.ar\/index.php\/wp-json\/wp\/v2\/users\/1"}],"replies":[{"embeddable":true,"href":"http:\/\/www.tcse.gob.ar\/index.php\/wp-json\/wp\/v2\/comments?post=131"}],"version-history":[{"count":25,"href":"http:\/\/www.tcse.gob.ar\/index.php\/wp-json\/wp\/v2\/pages\/131\/revisions"}],"predecessor-version":[{"id":1454,"href":"http:\/\/www.tcse.gob.ar\/index.php\/wp-json\/wp\/v2\/pages\/131\/revisions\/1454"}],"up":[{"embeddable":true,"href":"http:\/\/www.tcse.gob.ar\/index.php\/wp-json\/wp\/v2\/pages\/129"}],"wp:attachment":[{"href":"http:\/\/www.tcse.gob.ar\/index.php\/wp-json\/wp\/v2\/media?parent=131"}],"curies":[{"name":"wp","href":"https:\/\/api.w.org\/{rel}","templated":true}]}}